{"id":397,"date":"2022-11-09T12:59:00","date_gmt":"2022-11-09T12:59:00","guid":{"rendered":"https:\/\/bittechnologies.io\/?page_id=397"},"modified":"2025-09-22T12:46:01","modified_gmt":"2025-09-22T12:46:01","slug":"legal","status":"publish","type":"page","link":"https:\/\/bittechnologies.io\/de\/legal\/","title":{"rendered":"Impressum"},"content":{"rendered":"<div data-elementor-type=\"wp-page\" data-elementor-id=\"397\" class=\"elementor elementor-397\" data-elementor-post-type=\"page\">\n\t\t\t\t\t\t<section class=\"elementor-section elementor-top-section elementor-element elementor-element-431f08aa elementor-section-boxed elementor-section-height-default elementor-section-height-default\" data-id=\"431f08aa\" data-element_type=\"section\">\n\t\t\t\t\t\t<div class=\"elementor-container elementor-column-gap-default\">\n\t\t\t\t\t<div class=\"elementor-column elementor-col-100 elementor-top-column elementor-element elementor-element-537d0b1a\" data-id=\"537d0b1a\" data-element_type=\"column\">\n\t\t\t<div class=\"elementor-widget-wrap elementor-element-populated\">\n\t\t\t\t<div class=\"elementor-element elementor-element-db43c4b e-flex e-con-boxed e-con e-parent\" data-id=\"db43c4b\" data-element_type=\"container\">\n\t\t\t\t\t<div class=\"e-con-inner\">\n\t\t\t\t\t<\/div>\n\t\t\t\t<\/div>\n\t\t\t\t<div class=\"elementor-element elementor-element-7cfcfa10 elementor-widget elementor-widget-text-editor\" data-id=\"7cfcfa10\" data-element_type=\"widget\" data-widget_type=\"text-editor.default\">\n\t\t\t\t<div class=\"elementor-widget-container\">\n\t\t\t\t\t\t\t\t\t<p><\/p>\n<h1><strong><br><\/strong><\/h1><h1><strong><br><\/strong><\/h1><h1><strong><br><\/strong><\/h1><h1><strong>Impressum<\/strong><\/h1>\n<p>Angaben gem\u00e4\u00df \u00a7 5 TMG<br>BIT Technologies<br>Speditionsstra\u00dfe 15A<br>40221 D\u00fcssledorf Handelsregister: HRB85437<br>Registergericht: D\u00fcsseldorf <strong>Vertreten durch:<\/strong><br>Roberto Hernandez Zia<br>Alvaro Anton Blanco<br>Daniel Cabanas Escudero <strong>Kontakt<\/strong><br>Telefon: +4917634363540<br>E-Mail: info@bittechnologies.io <strong>Umsatzsteuer-ID<\/strong><br>Umsatzsteuer-Identifikationsnummer gem\u00e4\u00df \u00a7 27 a Umsatzsteuergesetz:<br>133\/5808\/3707 <strong>Wirtschaftsidentifikationsnummer<\/strong><br>DE323697005 <strong>Angaben zur Berufshaftpflichtversicherung<\/strong><br>Name und Sitz des Versicherers:<br>Andsafe AG<br>Wienburgstrasse 207<br>48159 M\u00fcnster<\/p>\n<p><strong>Geltungsraum der Versicherung:<\/strong><\/p>\n<p>Europa<\/p>\n<p><strong>Redaktionell verantwortlich<\/strong><br>Alvaro Anton Blanco<\/p>\n<p>Verbraucherstreitbeilegung\/Universalschlichtungsstelle<\/p>\n<p>Wir sind nicht bereit oder verpflichtet, an Streitbeilegungsverfahren vor einer Verbraucherschlichtungsstelle teilzunehmen.<\/p>\n<p><\/p>\t\t\t\t\t\t\t\t<\/div>\n\t\t\t\t<\/div>\n\t\t\t\t\t<\/div>\n\t\t<\/div>\n\t\t\t\t\t<\/div>\n\t\t<\/section>\n\t\t\t\t<\/div>","protected":false},"excerpt":{"rendered":"","protected":false},"author":3,"featured_media":0,"parent":0,"menu_order":0,"comment_status":"closed","ping_status":"closed","template":"","meta":{"inline_featured_image":false,"footnotes":""},"class_list":["post-397","page","type-page","status-publish","hentry"],"yoast_head":"<!-- This site is optimized with the Yoast SEO plugin v25.9 - https:\/\/yoast.com\/wordpress\/plugins\/seo\/ -->\n<title>Impressum | BIT Technologies<\/title>\n<meta name=\"robots\" content=\"index, follow, max-snippet:-1, max-image-preview:large, max-video-preview:-1\" \/>\n<link rel=\"canonical\" href=\"https:\/\/bittechnologies.io\/de\/legal\/\" \/>\n<meta property=\"og:locale\" content=\"de_DE\" \/>\n<meta property=\"og:type\" content=\"article\" \/>\n<meta property=\"og:title\" content=\"Impressum | BIT Technologies\" \/>\n<meta property=\"og:url\" content=\"https:\/\/bittechnologies.io\/de\/legal\/\" \/>\n<meta property=\"og:site_name\" content=\"BIT Technologies\" \/>\n<meta property=\"article:publisher\" content=\"https:\/\/www.linkedin.com\/company\/bit-technologies-gmbh\" \/>\n<meta property=\"article:modified_time\" content=\"2025-09-22T12:46:01+00:00\" \/>\n<meta property=\"og:image\" content=\"https:\/\/bittechnologies.io\/wp-content\/uploads\/2025\/09\/JPG-1-scaled.jpg\" \/>\n\t<meta property=\"og:image:width\" content=\"2560\" \/>\n\t<meta property=\"og:image:height\" content=\"1722\" \/>\n\t<meta property=\"og:image:type\" content=\"image\/jpeg\" \/>\n<meta name=\"twitter:card\" content=\"summary_large_image\" \/>\n<script type=\"application\/ld+json\" class=\"yoast-schema-graph\">{\"@context\":\"https:\/\/schema.org\",\"@graph\":[{\"@type\":\"WebPage\",\"@id\":\"https:\/\/bittechnologies.io\/legal\/\",\"url\":\"https:\/\/bittechnologies.io\/legal\/\",\"name\":\"Impressum | BIT Technologies\",\"isPartOf\":{\"@id\":\"https:\/\/bittechnologies.io\/#website\"},\"datePublished\":\"2022-11-09T12:59:00+00:00\",\"dateModified\":\"2025-09-22T12:46:01+00:00\",\"breadcrumb\":{\"@id\":\"https:\/\/bittechnologies.io\/legal\/#breadcrumb\"},\"inLanguage\":\"de\",\"potentialAction\":[{\"@type\":\"ReadAction\",\"target\":[\"https:\/\/bittechnologies.io\/legal\/\"]}]},{\"@type\":\"BreadcrumbList\",\"@id\":\"https:\/\/bittechnologies.io\/legal\/#breadcrumb\",\"itemListElement\":[{\"@type\":\"ListItem\",\"position\":1,\"name\":\"Home\",\"item\":\"https:\/\/bittechnologies.io\/\"},{\"@type\":\"ListItem\",\"position\":2,\"name\":\"Impressum\"}]},{\"@type\":\"WebSite\",\"@id\":\"https:\/\/bittechnologies.io\/#website\",\"url\":\"https:\/\/bittechnologies.io\/\",\"name\":\"BIT Technologies\",\"description\":\"IT Solutions from tomorrow, delivered today\",\"publisher\":{\"@id\":\"https:\/\/bittechnologies.io\/#organization\"},\"alternateName\":\"BIT\",\"potentialAction\":[{\"@type\":\"SearchAction\",\"target\":{\"@type\":\"EntryPoint\",\"urlTemplate\":\"https:\/\/bittechnologies.io\/?s={search_term_string}\"},\"query-input\":{\"@type\":\"PropertyValueSpecification\",\"valueRequired\":true,\"valueName\":\"search_term_string\"}}],\"inLanguage\":\"de\"},{\"@type\":\"Organization\",\"@id\":\"https:\/\/bittechnologies.io\/#organization\",\"name\":\"BIT Technologies\",\"url\":\"https:\/\/bittechnologies.io\/\",\"logo\":{\"@type\":\"ImageObject\",\"inLanguage\":\"de\",\"@id\":\"https:\/\/bittechnologies.io\/#\/schema\/logo\/image\/\",\"url\":\"https:\/\/bittechnologies.io\/wp-content\/uploads\/2025\/09\/JPG-1-scaled.jpg\",\"contentUrl\":\"https:\/\/bittechnologies.io\/wp-content\/uploads\/2025\/09\/JPG-1-scaled.jpg\",\"width\":2560,\"height\":1722,\"caption\":\"BIT Technologies\"},\"image\":{\"@id\":\"https:\/\/bittechnologies.io\/#\/schema\/logo\/image\/\"},\"sameAs\":[\"https:\/\/www.linkedin.com\/company\/bit-technologies-gmbh\"]}]}<\/script>\n<!-- \/ Yoast SEO plugin. -->","yoast_head_json":{"title":"Impressum | BIT Technologies","robots":{"index":"index","follow":"follow","max-snippet":"max-snippet:-1","max-image-preview":"max-image-preview:large","max-video-preview":"max-video-preview:-1"},"canonical":"https:\/\/bittechnologies.io\/de\/legal\/","og_locale":"de_DE","og_type":"article","og_title":"Impressum | BIT Technologies","og_url":"https:\/\/bittechnologies.io\/de\/legal\/","og_site_name":"BIT Technologies","article_publisher":"https:\/\/www.linkedin.com\/company\/bit-technologies-gmbh","article_modified_time":"2025-09-22T12:46:01+00:00","og_image":[{"width":2560,"height":1722,"url":"https:\/\/bittechnologies.io\/wp-content\/uploads\/2025\/09\/JPG-1-scaled.jpg","type":"image\/jpeg"}],"twitter_card":"summary_large_image","schema":{"@context":"https:\/\/schema.org","@graph":[{"@type":"WebPage","@id":"https:\/\/bittechnologies.io\/legal\/","url":"https:\/\/bittechnologies.io\/legal\/","name":"Impressum | BIT Technologies","isPartOf":{"@id":"https:\/\/bittechnologies.io\/#website"},"datePublished":"2022-11-09T12:59:00+00:00","dateModified":"2025-09-22T12:46:01+00:00","breadcrumb":{"@id":"https:\/\/bittechnologies.io\/legal\/#breadcrumb"},"inLanguage":"de","potentialAction":[{"@type":"ReadAction","target":["https:\/\/bittechnologies.io\/legal\/"]}]},{"@type":"BreadcrumbList","@id":"https:\/\/bittechnologies.io\/legal\/#breadcrumb","itemListElement":[{"@type":"ListItem","position":1,"name":"Home","item":"https:\/\/bittechnologies.io\/"},{"@type":"ListItem","position":2,"name":"Impressum"}]},{"@type":"WebSite","@id":"https:\/\/bittechnologies.io\/#website","url":"https:\/\/bittechnologies.io\/","name":"BIT Technologies","description":"IT Solutions from tomorrow, delivered today","publisher":{"@id":"https:\/\/bittechnologies.io\/#organization"},"alternateName":"BIT","potentialAction":[{"@type":"SearchAction","target":{"@type":"EntryPoint","urlTemplate":"https:\/\/bittechnologies.io\/?s={search_term_string}"},"query-input":{"@type":"PropertyValueSpecification","valueRequired":true,"valueName":"search_term_string"}}],"inLanguage":"de"},{"@type":"Organization","@id":"https:\/\/bittechnologies.io\/#organization","name":"BIT Technologies","url":"https:\/\/bittechnologies.io\/","logo":{"@type":"ImageObject","inLanguage":"de","@id":"https:\/\/bittechnologies.io\/#\/schema\/logo\/image\/","url":"https:\/\/bittechnologies.io\/wp-content\/uploads\/2025\/09\/JPG-1-scaled.jpg","contentUrl":"https:\/\/bittechnologies.io\/wp-content\/uploads\/2025\/09\/JPG-1-scaled.jpg","width":2560,"height":1722,"caption":"BIT Technologies"},"image":{"@id":"https:\/\/bittechnologies.io\/#\/schema\/logo\/image\/"},"sameAs":["https:\/\/www.linkedin.com\/company\/bit-technologies-gmbh"]}]}},"_links":{"self":[{"href":"https:\/\/bittechnologies.io\/de\/wp-json\/wp\/v2\/pages\/397","targetHints":{"allow":["GET"]}}],"collection":[{"href":"https:\/\/bittechnologies.io\/de\/wp-json\/wp\/v2\/pages"}],"about":[{"href":"https:\/\/bittechnologies.io\/de\/wp-json\/wp\/v2\/types\/page"}],"author":[{"embeddable":true,"href":"https:\/\/bittechnologies.io\/de\/wp-json\/wp\/v2\/users\/3"}],"replies":[{"embeddable":true,"href":"https:\/\/bittechnologies.io\/de\/wp-json\/wp\/v2\/comments?post=397"}],"version-history":[{"count":9,"href":"https:\/\/bittechnologies.io\/de\/wp-json\/wp\/v2\/pages\/397\/revisions"}],"predecessor-version":[{"id":4607,"href":"https:\/\/bittechnologies.io\/de\/wp-json\/wp\/v2\/pages\/397\/revisions\/4607"}],"wp:attachment":[{"href":"https:\/\/bittechnologies.io\/de\/wp-json\/wp\/v2\/media?parent=397"}],"curies":[{"name":"wp","href":"https:\/\/api.w.org\/{rel}","templated":true}]}}